{"id":6451,"date":"2025-03-05T12:55:19","date_gmt":"2025-03-05T12:55:19","guid":{"rendered":"https:\/\/fci4africa.eu\/?page_id=6451"},"modified":"2025-03-21T12:26:24","modified_gmt":"2025-03-21T12:26:24","slug":"unibw-m","status":"publish","type":"page","link":"https:\/\/fci4africa.eu\/de\/about-fci4africa\/partners\/unibw-m\/","title":{"rendered":"UniBw M"},"content":{"rendered":"<div data-elementor-type=\"wp-page\" data-elementor-id=\"6451\" class=\"elementor elementor-6451\" data-elementor-post-type=\"page\">\n\t\t\t\t<div class=\"elementor-element elementor-element-450487a e-flex e-con-boxed e-con e-parent\" data-id=\"450487a\" data-element_type=\"container\">\n\t\t\t\t\t<div class=\"e-con-inner\">\n\t\t<div class=\"elementor-element elementor-element-58d09f6 e-con-full e-flex e-con e-child\" data-id=\"58d09f6\" data-element_type=\"container\">\n\t\t\t\t<div class=\"elementor-element elementor-element-8f23cb2 sc_fly_static elementor-widget elementor-widget-image\" data-id=\"8f23cb2\" data-element_type=\"widget\" data-widget_type=\"image.default\">\n\t\t\t\t<div class=\"elementor-widget-container\">\n\t\t\t\t\t\t\t\t\t\t\t\t\t\t\t<img fetchpriority=\"high\" decoding=\"async\" width=\"770\" height=\"420\" src=\"https:\/\/fci4africa.eu\/wp-content\/uploads\/2024\/11\/4.UNIBWM.png\" class=\"attachment-large size-large wp-image-5754\" alt=\"\" srcset=\"https:\/\/fci4africa.eu\/wp-content\/uploads\/2024\/11\/4.UNIBWM.png 770w, https:\/\/fci4africa.eu\/wp-content\/uploads\/2024\/11\/4.UNIBWM-300x164.png 300w, https:\/\/fci4africa.eu\/wp-content\/uploads\/2024\/11\/4.UNIBWM-768x419.png 768w, https:\/\/fci4africa.eu\/wp-content\/uploads\/2024\/11\/4.UNIBWM-370x202.png 370w\" sizes=\"(max-width: 770px) 100vw, 770px\" \/>\t\t\t\t\t\t\t\t\t\t\t\t\t\t\t<\/div>\n\t\t\t\t<\/div>\n\t\t\t\t<\/div>\n\t\t<div class=\"elementor-element elementor-element-760feed e-con-full e-flex e-con e-child\" data-id=\"760feed\" data-element_type=\"container\">\n\t\t<div class=\"elementor-element elementor-element-ffeca3a e-con-full e-flex e-con e-child\" data-id=\"ffeca3a\" data-element_type=\"container\">\n\t\t\t\t<div class=\"elementor-element elementor-element-dd02bc8 sc_fly_static elementor-widget elementor-widget-heading\" data-id=\"dd02bc8\" data-element_type=\"widget\" data-widget_type=\"heading.default\">\n\t\t\t\t<div class=\"elementor-widget-container\">\n\t\t\t\t\t<h4 class=\"elementor-heading-title elementor-size-default\">UNIVERSITY OF THE BUNDESWEHR MUNICH<\/h4>\t\t\t\t<\/div>\n\t\t\t\t<\/div>\n\t\t\t\t<\/div>\n\t\t<div class=\"elementor-element elementor-element-dffe0ea e-con-full e-flex e-con e-child\" data-id=\"dffe0ea\" data-element_type=\"container\">\n\t\t\t\t<div class=\"elementor-element elementor-element-bf569b4 elementor-widget-divider--view-line sc_fly_static elementor-widget elementor-widget-divider\" data-id=\"bf569b4\" data-element_type=\"widget\" data-widget_type=\"divider.default\">\n\t\t\t\t<div class=\"elementor-widget-container\">\n\t\t\t\t\t\t\t<div class=\"elementor-divider\">\n\t\t\t<span class=\"elementor-divider-separator\">\n\t\t\t\t\t\t<\/span>\n\t\t<\/div>\n\t\t\t\t\t\t<\/div>\n\t\t\t\t<\/div>\n\t\t\t\t<div class=\"elementor-element elementor-element-c9574fb elementor-icon-list--layout-traditional elementor-list-item-link-full_width sc_fly_static elementor-widget elementor-widget-icon-list\" data-id=\"c9574fb\" data-element_type=\"widget\" data-widget_type=\"icon-list.default\">\n\t\t\t\t<div class=\"elementor-widget-container\">\n\t\t\t\t\t\t\t<ul class=\"elementor-icon-list-items\">\n\t\t\t\t\t\t\t<li class=\"elementor-icon-list-item\">\n\t\t\t\t\t\t\t\t\t\t\t<span class=\"elementor-icon-list-icon\">\n\t\t\t\t\t\t\t<i aria-hidden=\"true\" class=\"fas fa-map-marked-alt\"><\/i>\t\t\t\t\t\t<\/span>\n\t\t\t\t\t\t\t\t\t\t<span class=\"elementor-icon-list-text\">Country: <b>Germany<\/b><\/span>\n\t\t\t\t\t\t\t\t\t<\/li>\n\t\t\t\t\t\t\t\t<li class=\"elementor-icon-list-item\">\n\t\t\t\t\t\t\t\t\t\t\t<span class=\"elementor-icon-list-icon\">\n\t\t\t\t\t\t\t<i aria-hidden=\"true\" class=\"fas fa-code\"><\/i>\t\t\t\t\t\t<\/span>\n\t\t\t\t\t\t\t\t\t\t<span class=\"elementor-icon-list-text\">Shortname: <b>UniBw M<\/b><\/span>\n\t\t\t\t\t\t\t\t\t<\/li>\n\t\t\t\t\t\t\t\t<li class=\"elementor-icon-list-item\">\n\t\t\t\t\t\t\t\t\t\t\t<a href=\"https:\/\/www.unibw.de\/home\" target=\"_blank\" rel=\"noopener noreferrer nofollow\">\n\n\t\t\t\t\t\t\t\t\t\t\t\t<span class=\"elementor-icon-list-icon\">\n\t\t\t\t\t\t\t<i aria-hidden=\"true\" class=\"fas fa-globe\"><\/i>\t\t\t\t\t\t<\/span>\n\t\t\t\t\t\t\t\t\t\t<span class=\"elementor-icon-list-text\">Website: <b>unibw.de<\/b><\/span>\n\t\t\t\t\t\t\t\t\t\t\t<\/a>\n\t\t\t\t\t\t\t\t\t<\/li>\n\t\t\t\t\t\t\t\t<li class=\"elementor-icon-list-item\">\n\t\t\t\t\t\t\t\t\t\t\t<a href=\"mailto:gertrud.buchenrieder@unibw.de\" target=\"_blank\">\n\n\t\t\t\t\t\t\t\t\t\t\t\t<span class=\"elementor-icon-list-icon\">\n\t\t\t\t\t\t\t<i aria-hidden=\"true\" class=\"far fa-id-card\"><\/i>\t\t\t\t\t\t<\/span>\n\t\t\t\t\t\t\t\t\t\t<span class=\"elementor-icon-list-text\">Contact person: <b>Gertrud Buchenrieder<\/b><\/span>\n\t\t\t\t\t\t\t\t\t\t\t<\/a>\n\t\t\t\t\t\t\t\t\t<\/li>\n\t\t\t\t\t\t<\/ul>\n\t\t\t\t\t\t<\/div>\n\t\t\t\t<\/div>\n\t\t\t\t<div class=\"elementor-element elementor-element-6d0a456 elementor-widget-divider--view-line sc_fly_static elementor-widget elementor-widget-divider\" data-id=\"6d0a456\" data-element_type=\"widget\" data-widget_type=\"divider.default\">\n\t\t\t\t<div class=\"elementor-widget-container\">\n\t\t\t\t\t\t\t<div class=\"elementor-divider\">\n\t\t\t<span class=\"elementor-divider-separator\">\n\t\t\t\t\t\t<\/span>\n\t\t<\/div>\n\t\t\t\t\t\t<\/div>\n\t\t\t\t<\/div>\n\t\t\t\t<div class=\"elementor-element elementor-element-2f8618b sc_fly_static elementor-widget elementor-widget-trx_sc_socials\" data-id=\"2f8618b\" data-element_type=\"widget\" data-widget_type=\"trx_sc_socials.default\">\n\t\t\t\t<div class=\"elementor-widget-container\">\n\t\t\t\t\t<div  id=\"trx_sc_socials_551449785\" \n\t\tclass=\"sc_socials sc_socials_default sc_align_none\"><div class=\"socials_wrap\"><a target=\"_blank\" href=\"https:\/\/www.linkedin.com\/school\/universitaet-der-bundeswehr\" class=\"social_item social_item_style_icons sc_icon_type_icons social_item_type_icons\" rel=\"noopener noreferrer nofollow\"><span class=\"social_icon social_icon_linkedin\"><span class=\"icon-linkedin\"><\/span><\/span><\/a><a target=\"_blank\" href=\"https:\/\/de-de.facebook.com\/UniBwMuc\/\" class=\"social_item social_item_style_icons sc_icon_type_icons social_item_type_icons\" rel=\"noopener noreferrer nofollow\"><span class=\"social_icon social_icon_facebook\"><span class=\"icon-facebook\"><\/span><\/span><\/a><a target=\"_blank\" href=\"https:\/\/www.youtube.com\/channel\/UCOSDUvJ40nG1yzc0HTcgfew\" class=\"social_item social_item_style_icons sc_icon_type_icons social_item_type_icons\" rel=\"noopener noreferrer nofollow\"><span class=\"social_icon social_icon_humanum-youtube-1\"><span class=\"icon-humanum-youtube-1\"><\/span><\/span><\/a><a target=\"_blank\" href=\"https:\/\/www.instagram.com\/unibwmuc\/?hl=de\" class=\"social_item social_item_style_icons sc_icon_type_icons social_item_type_icons\" rel=\"noopener noreferrer nofollow\"><span class=\"social_icon social_icon_instagramm\"><span class=\"icon-instagramm\"><\/span><\/span><\/a><\/div><!-- \/.socials_wrap --><\/div><!-- \/.sc_socials -->\t\t\t\t<\/div>\n\t\t\t\t<\/div>\n\t\t\t\t<\/div>\n\t\t\t\t<\/div>\n\t\t\t\t\t<\/div>\n\t\t\t\t<\/div>\n\t\t<div class=\"elementor-element elementor-element-1f91a47 e-flex e-con-boxed e-con e-parent\" data-id=\"1f91a47\" data-element_type=\"container\">\n\t\t\t\t\t<div class=\"e-con-inner\">\n\t\t\t\t<div class=\"elementor-element elementor-element-fd21ce1 sc_fly_static elementor-widget elementor-widget-heading\" data-id=\"fd21ce1\" data-element_type=\"widget\" data-widget_type=\"heading.default\">\n\t\t\t\t<div class=\"elementor-widget-container\">\n\t\t\t\t\t<h3 class=\"elementor-heading-title elementor-size-default translation-block\">About UniBw M<\/h3>\t\t\t\t<\/div>\n\t\t\t\t<\/div>\n\t\t\t\t<div class=\"elementor-element elementor-element-787a577 sc_fly_static elementor-widget elementor-widget-spacer\" data-id=\"787a577\" data-element_type=\"widget\" data-widget_type=\"spacer.default\">\n\t\t\t\t<div class=\"elementor-widget-container\">\n\t\t\t\t\t\t\t<div class=\"elementor-spacer\">\n\t\t\t<div class=\"elementor-spacer-inner\"><\/div>\n\t\t<\/div>\n\t\t\t\t\t\t<\/div>\n\t\t\t\t<\/div>\n\t\t\t\t<div class=\"elementor-element elementor-element-6bd0b27 sc_fly_static elementor-widget elementor-widget-text-editor\" data-id=\"6bd0b27\" data-element_type=\"widget\" data-widget_type=\"text-editor.default\">\n\t\t\t\t<div class=\"elementor-widget-container\">\n\t\t\t\t\t\t\t\t\t<p class=\"translation-block\"><span data-sheets-root=\"1\">The <strong>University of the Bundeswehr Munich (UniBw M)<\/strong> is a federal German university, situated in Neubiberg, a suburb near Munich, Bavaria. Established in 1973, its primary mission is to provide higher education and professional development to officers and officer candidates of the German Armed Forces (Bundeswehr). It combines academic rigor with practical applications tailored to meet the unique demands of military and civilian service.<\/span><\/p>\t\t\t\t\t\t\t\t<\/div>\n\t\t\t\t<\/div>\n\t\t\t\t<div class=\"elementor-element elementor-element-e03fb83 sc_fly_static elementor-widget elementor-widget-spacer\" data-id=\"e03fb83\" data-element_type=\"widget\" data-widget_type=\"spacer.default\">\n\t\t\t\t<div class=\"elementor-widget-container\">\n\t\t\t\t\t\t\t<div class=\"elementor-spacer\">\n\t\t\t<div class=\"elementor-spacer-inner\"><\/div>\n\t\t<\/div>\n\t\t\t\t\t\t<\/div>\n\t\t\t\t<\/div>\n\t\t\t\t<div class=\"elementor-element elementor-element-43ed93e sc_fly_static elementor-widget elementor-widget-image\" data-id=\"43ed93e\" data-element_type=\"widget\" data-widget_type=\"image.default\">\n\t\t\t\t<div class=\"elementor-widget-container\">\n\t\t\t\t\t\t\t\t\t\t\t\t\t\t\t<img decoding=\"async\" width=\"1024\" height=\"468\" src=\"https:\/\/fci4africa.eu\/wp-content\/uploads\/2025\/03\/4.UniBw-M-1024x468.jpg\" class=\"attachment-large size-large wp-image-6453\" alt=\"\" srcset=\"https:\/\/fci4africa.eu\/wp-content\/uploads\/2025\/03\/4.UniBw-M-1024x468.jpg 1024w, https:\/\/fci4africa.eu\/wp-content\/uploads\/2025\/03\/4.UniBw-M-300x137.jpg 300w, https:\/\/fci4africa.eu\/wp-content\/uploads\/2025\/03\/4.UniBw-M-768x351.jpg 768w, https:\/\/fci4africa.eu\/wp-content\/uploads\/2025\/03\/4.UniBw-M-1536x702.jpg 1536w, https:\/\/fci4africa.eu\/wp-content\/uploads\/2025\/03\/4.UniBw-M-370x169.jpg 370w, https:\/\/fci4africa.eu\/wp-content\/uploads\/2025\/03\/4.UniBw-M-1410x644.jpg 1410w, https:\/\/fci4africa.eu\/wp-content\/uploads\/2025\/03\/4.UniBw-M.jpg 1600w\" sizes=\"(max-width: 1024px) 100vw, 1024px\" \/>\t\t\t\t\t\t\t\t\t\t\t\t\t\t\t<\/div>\n\t\t\t\t<\/div>\n\t\t\t\t<div class=\"elementor-element elementor-element-90f500d sc_fly_static elementor-widget elementor-widget-spacer\" data-id=\"90f500d\" data-element_type=\"widget\" data-widget_type=\"spacer.default\">\n\t\t\t\t<div class=\"elementor-widget-container\">\n\t\t\t\t\t\t\t<div class=\"elementor-spacer\">\n\t\t\t<div class=\"elementor-spacer-inner\"><\/div>\n\t\t<\/div>\n\t\t\t\t\t\t<\/div>\n\t\t\t\t<\/div>\n\t\t\t\t\t<\/div>\n\t\t\t\t<\/div>\n\t\t<div class=\"elementor-element elementor-element-69aa8c7 e-flex e-con-boxed e-con e-parent\" data-id=\"69aa8c7\" data-element_type=\"container\">\n\t\t\t\t\t<div class=\"e-con-inner\">\n\t\t\t\t<div class=\"elementor-element elementor-element-e7c51d4 sc_fly_static elementor-widget elementor-widget-heading\" data-id=\"e7c51d4\" data-element_type=\"widget\" data-widget_type=\"heading.default\">\n\t\t\t\t<div class=\"elementor-widget-container\">\n\t\t\t\t\t<h3 class=\"elementor-heading-title elementor-size-default\">Rolle im Projekt<\/h3>\t\t\t\t<\/div>\n\t\t\t\t<\/div>\n\t\t\t\t<div class=\"elementor-element elementor-element-0dd1fb0 sc_fly_static elementor-widget elementor-widget-spacer\" data-id=\"0dd1fb0\" data-element_type=\"widget\" data-widget_type=\"spacer.default\">\n\t\t\t\t<div class=\"elementor-widget-container\">\n\t\t\t\t\t\t\t<div class=\"elementor-spacer\">\n\t\t\t<div class=\"elementor-spacer-inner\"><\/div>\n\t\t<\/div>\n\t\t\t\t\t\t<\/div>\n\t\t\t\t<\/div>\n\t\t\t\t<div class=\"elementor-element elementor-element-f077a43 sc_fly_static elementor-widget elementor-widget-text-editor\" data-id=\"f077a43\" data-element_type=\"widget\" data-widget_type=\"text-editor.default\">\n\t\t\t\t<div class=\"elementor-widget-container\">\n\t\t\t\t\t\t\t\t\t<p><span data-sheets-root=\"1\">UniBw M ist daf\u00fcr verantwortlich, die Zusammenarbeit mit anderen Projekten zu f\u00f6rdern und gleichzeitig zur Identifizierung der wichtigsten Benchmarks beizutragen, die f\u00fcr die Ausweitung der nachhaltigen Lebensmittelversorgung innerhalb ausgew\u00e4hlter Wertsch\u00f6pfungsketten erforderlich sind. Sie beteiligen sich an der Einbeziehung von Interessengruppen, um diese Ergebnisse zu validieren und verbleibende Handelshemmnisse zu identifizieren. Dar\u00fcber hinaus analysiert UniBw M lokale Lebensmittelsysteme, um deren Auswirkungen auf Lebensmittel, Ern\u00e4hrung, Gesundheit und Umwelt zu bewerten.<\/span><\/p>\t\t\t\t\t\t\t\t<\/div>\n\t\t\t\t<\/div>\n\t\t\t\t<div class=\"elementor-element elementor-element-c523697 sc_fly_static elementor-widget elementor-widget-spacer\" data-id=\"c523697\" data-element_type=\"widget\" data-widget_type=\"spacer.default\">\n\t\t\t\t<div class=\"elementor-widget-container\">\n\t\t\t\t\t\t\t<div class=\"elementor-spacer\">\n\t\t\t<div class=\"elementor-spacer-inner\"><\/div>\n\t\t<\/div>\n\t\t\t\t\t\t<\/div>\n\t\t\t\t<\/div>\n\t\t\t\t\t<\/div>\n\t\t\t\t<\/div>\n\t\t\t\t<\/div>","protected":false},"excerpt":{"rendered":"<p>UNIVERSITY OF THE BUNDESWEHR MUNICH Country: Germany Shortname: UniBw M Website: unibw.de Contact person: Gertrud Buchenrieder The University of the Bundeswehr Munich (UniBw M) is a federal German university, situated in Neubiberg, a suburb near Munich, Bavaria. Established in 1973, its primary mission is to provide higher education and professional development to officers and officer&hellip;<\/p>","protected":false},"author":1,"featured_media":5754,"parent":141,"menu_order":4,"comment_status":"closed","ping_status":"closed","template":"","meta":{"iawp_total_views":30,"footnotes":""},"class_list":["post-6451","page","type-page","status-publish","has-post-thumbnail","hentry"],"_links":{"self":[{"href":"https:\/\/fci4africa.eu\/de\/wp-json\/wp\/v2\/pages\/6451","targetHints":{"allow":["GET"]}}],"collection":[{"href":"https:\/\/fci4africa.eu\/de\/wp-json\/wp\/v2\/pages"}],"about":[{"href":"https:\/\/fci4africa.eu\/de\/wp-json\/wp\/v2\/types\/page"}],"author":[{"embeddable":true,"href":"https:\/\/fci4africa.eu\/de\/wp-json\/wp\/v2\/users\/1"}],"replies":[{"embeddable":true,"href":"https:\/\/fci4africa.eu\/de\/wp-json\/wp\/v2\/comments?post=6451"}],"version-history":[{"count":0,"href":"https:\/\/fci4africa.eu\/de\/wp-json\/wp\/v2\/pages\/6451\/revisions"}],"up":[{"embeddable":true,"href":"https:\/\/fci4africa.eu\/de\/wp-json\/wp\/v2\/pages\/141"}],"wp:featuredmedia":[{"embeddable":true,"href":"https:\/\/fci4africa.eu\/de\/wp-json\/wp\/v2\/media\/5754"}],"wp:attachment":[{"href":"https:\/\/fci4africa.eu\/de\/wp-json\/wp\/v2\/media?parent=6451"}],"curies":[{"name":"wp","href":"https:\/\/api.w.org\/{rel}","templated":true}]}}