{"id":6617,"date":"2025-03-07T11:35:49","date_gmt":"2025-03-07T11:35:49","guid":{"rendered":"https:\/\/fci4africa.eu\/?page_id=6617"},"modified":"2026-04-07T12:19:48","modified_gmt":"2026-04-07T12:19:48","slug":"open-calls","status":"publish","type":"page","link":"https:\/\/fci4africa.eu\/de\/open-calls\/","title":{"rendered":"OFFENE AUSSCHREIBUNGEN"},"content":{"rendered":"<div data-elementor-type=\"wp-page\" data-elementor-id=\"6617\" class=\"elementor elementor-6617\" data-elementor-post-type=\"page\">\n\t\t\t\t<div class=\"elementor-element elementor-element-549c369 e-flex e-con-boxed e-con e-parent\" data-id=\"549c369\" data-element_type=\"container\">\n\t\t\t\t\t<div class=\"e-con-inner\">\n\t\t\t\t<div class=\"elementor-element elementor-element-c185fe3 sc_fly_static elementor-widget elementor-widget-text-editor\" data-id=\"c185fe3\" data-element_type=\"widget\" data-widget_type=\"text-editor.default\">\n\t\t\t\t<div class=\"elementor-widget-container\">\n\t\t\t\t\t\t\t\t\t<p>Zur F\u00f6rderung klimaneutraler, sozialer, gerechter und fair gehandelter Lebensmittelsysteme in Afrika wird FCI4Africa zwei verschiedene offene Aufforderungen zur Einreichung von Vorschl\u00e4gen (Open Calls, OCs) starten, die Dritten finanzielle Unterst\u00fctzung f\u00fcr mindestens 12 Projekte bieten, um die Gesamtwirkung des Projekts zu steigern.<\/p>\t\t\t\t\t\t\t\t<\/div>\n\t\t\t\t<\/div>\n\t\t\t\t\t<\/div>\n\t\t\t\t<\/div>\n\t\t<div class=\"elementor-element elementor-element-db3173b e-flex e-con-boxed e-con e-parent\" data-id=\"db3173b\" data-element_type=\"container\">\n\t\t\t\t\t<div class=\"e-con-inner\">\n\t\t<div class=\"elementor-element elementor-element-ceb5d02 e-con-full e-flex e-con e-child\" data-id=\"ceb5d02\" data-element_type=\"container\">\n\t\t<div class=\"elementor-element elementor-element-e4c2d83 e-con-full e-flex e-con e-child\" data-id=\"e4c2d83\" data-element_type=\"container\">\n\t\t\t\t<div class=\"elementor-element elementor-element-6efafe8 elementor-view-stacked elementor-shape-square sc_fly_static elementor-widget elementor-widget-icon\" data-id=\"6efafe8\" data-element_type=\"widget\" data-widget_type=\"icon.default\">\n\t\t\t\t<div class=\"elementor-widget-container\">\n\t\t\t\t\t\t\t<div class=\"elementor-icon-wrapper\">\n\t\t\t<div class=\"elementor-icon\">\n\t\t\t<svg xmlns=\"http:\/\/www.w3.org\/2000\/svg\" id=\"Layer_2\" data-name=\"Layer 2\" viewbox=\"0 0 59.13 54.79\"><defs><style>      .cls-1 {        fill: #231f20;      }    <\/style><\/defs><g id=\"Layer_1-2\" data-name=\"Layer 1\"><path class=\"cls-1\" d=\"M48.84,11.29h9.29c.55,0,1-.45,1-1V1c0-.55-.45-1-1-1h-9.29c-.55,0-1,.45-1,1v3.64h-12.14c-.55,0-1,.45-1,1v20.75h-5.67v-11.2c0-.35-.18-.67-.48-.85-.3-.18-.67-.2-.98-.04l-.54.28c-6.78,3.48-14.39,5.33-22.02,5.33-2.77,0-5.02,2.25-5.02,5.02v4.94c0,2.55,1.91,4.63,4.38,4.95v8.03c0,2.03,1.65,3.68,3.68,3.68s3.68-1.65,3.68-3.68v-7.47c5.32.75,10.52,2.37,15.29,4.83l.55.28c.14.07.3.11.46.11.18,0,.36-.05.52-.15.3-.18.48-.5.48-.85v-11.2h5.67v20.75c0,.55.45,1,1,1h12.14v3.64c0,.55.45,1,1,1h9.29c.55,0,1-.45,1-1v-9.29c0-.55-.45-1-1-1h-9.29c-.55,0-1,.45-1,1v3.64h-11.14v-19.75h11.14v3.65c0,.55.45,1,1,1h9.29c.55,0,1-.45,1-1v-9.29c0-.55-.45-1-1-1h-9.29c-.55,0-1,.45-1,1v3.64h-11.14V6.64h11.14v3.64c0,.55.45,1,1,1ZM2,29.86v-4.94c0-1.66,1.35-3.02,3.02-3.02.68,0,1.36-.03,2.04-.06v11.09c-.54-.02-1.08-.04-1.62-.05-.02,0-.04-.01-.06-.01-.02,0-.03,0-.04,0-.1,0-.21,0-.31,0-1.66,0-3.02-1.35-3.02-3.02ZM9.73,42.84c0,.93-.75,1.68-1.68,1.68s-1.68-.75-1.68-1.68v-7.92c1.12.03,2.24.1,3.36.21v7.71ZM27.03,37.97c-5.62-2.74-11.75-4.4-17.98-4.9v-11.34c6.23-.51,12.36-2.16,17.98-4.9v21.15ZM49.84,45.5h7.29v7.29h-7.29v-7.29ZM49.84,23.75h7.29v7.29h-7.29v-7.29ZM49.84,2h7.29v7.29h-7.29V2Z\"><\/path><\/g><\/svg>\t\t\t<\/div>\n\t\t<\/div>\n\t\t\t\t\t\t<\/div>\n\t\t\t\t<\/div>\n\t\t<div class=\"elementor-element elementor-element-184f950 e-con-full e-flex e-con e-child\" data-id=\"184f950\" data-element_type=\"container\">\n\t\t\t\t<div class=\"elementor-element elementor-element-e8b3333 sc_fly_static elementor-widget elementor-widget-counter\" data-id=\"e8b3333\" data-element_type=\"widget\" data-widget_type=\"counter.default\">\n\t\t\t\t<div class=\"elementor-widget-container\">\n\t\t\t\t\t\t\t<div class=\"elementor-counter\">\n\t\t\t<div class=\"elementor-counter-title\">Unterprojekte<\/div>\t\t\t<div class=\"elementor-counter-number-wrapper\">\n\t\t\t\t<span class=\"elementor-counter-number-prefix\"><\/span>\n\t\t\t\t<span class=\"elementor-counter-number\" data-duration=\"2000\" data-to-value=\"8\" data-from-value=\"0\" data-delimiter=\",\">0<\/span>\n\t\t\t\t<span class=\"elementor-counter-number-suffix\"><\/span>\n\t\t\t<\/div>\n\t\t<\/div>\n\t\t\t\t\t\t<\/div>\n\t\t\t\t<\/div>\n\t\t\t\t<div class=\"elementor-element elementor-element-a36ef2a sc_fly_static elementor-widget elementor-widget-counter\" data-id=\"a36ef2a\" data-element_type=\"widget\" data-widget_type=\"counter.default\">\n\t\t\t\t<div class=\"elementor-widget-container\">\n\t\t\t\t\t\t\t<div class=\"elementor-counter\">\n\t\t\t<div class=\"elementor-counter-title\">F\u00fcr jeden Dritten<\/div>\t\t\t<div class=\"elementor-counter-number-wrapper\">\n\t\t\t\t<span class=\"elementor-counter-number-prefix\">bis zu <\/span>\n\t\t\t\t<span class=\"elementor-counter-number\" data-duration=\"2000\" data-to-value=\"50\" data-from-value=\"0\" data-delimiter=\",\">0<\/span>\n\t\t\t\t<span class=\"elementor-counter-number-suffix\">T\u20ac<\/span>\n\t\t\t<\/div>\n\t\t<\/div>\n\t\t\t\t\t\t<\/div>\n\t\t\t\t<\/div>\n\t\t\t\t<\/div>\n\t\t\t\t<div class=\"elementor-element elementor-element-c2b99b1 sc_fly_static elementor-widget elementor-widget-text-editor\" data-id=\"c2b99b1\" data-element_type=\"widget\" data-widget_type=\"text-editor.default\">\n\t\t\t\t<div class=\"elementor-widget-container\">\n\t\t\t\t\t\t\t\t\t<h4><span style=\"font-weight: 400;\"><strong>F\u00fcr das OC1 werden 8 Teilprojekte ausgew\u00e4hlt<\/strong><\/span><\/h4><p><span style=\"font-weight: 400;\">Gesamtbudget des OC1 400T Euro - bis zu 50T Euro f\u00fcr jeden Dritten<\/span><\/p>\t\t\t\t\t\t\t\t<\/div>\n\t\t\t\t<\/div>\n\t\t\t\t<div class=\"elementor-element elementor-element-698507e elementor-widget-divider--view-line sc_fly_static elementor-widget elementor-widget-divider\" data-id=\"698507e\" data-element_type=\"widget\" data-widget_type=\"divider.default\">\n\t\t\t\t<div class=\"elementor-widget-container\">\n\t\t\t\t\t\t\t<div class=\"elementor-divider\">\n\t\t\t<span class=\"elementor-divider-separator\">\n\t\t\t\t\t\t<\/span>\n\t\t<\/div>\n\t\t\t\t\t\t<\/div>\n\t\t\t\t<\/div>\n\t\t\t\t<div class=\"elementor-element elementor-element-f25990f sc_fly_static elementor-widget elementor-widget-text-editor\" data-id=\"f25990f\" data-element_type=\"widget\" data-widget_type=\"text-editor.default\">\n\t\t\t\t<div class=\"elementor-widget-container\">\n\t\t\t\t\t\t\t\t\t<p><strong>Open Call (OC) 1<\/strong> richtet sich an Forschungs- und Technologieakteure - Start-ups, KMU, Forschungseinrichtungen und andere multidisziplin\u00e4re Akteure -, um Initiativen zu testen und zu validieren, die auf die F\u00f6rderung des Handels, die Beseitigung nichttarif\u00e4rer Ma\u00dfnahmen (NTM) und die Verbesserung des Marktzugangs abzielen. Das erste OC wird im April 2026 starten, und die ausgew\u00e4hlten Beg\u00fcnstigten werden ihre Ideen zwischen November 2026 und Oktober 2027 umsetzen.<\/p>\t\t\t\t\t\t\t\t<\/div>\n\t\t\t\t<\/div>\n\t\t\t\t<div class=\"elementor-element elementor-element-a51affe sc_fly_static elementor-widget elementor-widget-spacer\" data-id=\"a51affe\" data-element_type=\"widget\" data-widget_type=\"spacer.default\">\n\t\t\t\t<div class=\"elementor-widget-container\">\n\t\t\t\t\t\t\t<div class=\"elementor-spacer\">\n\t\t\t<div class=\"elementor-spacer-inner\"><\/div>\n\t\t<\/div>\n\t\t\t\t\t\t<\/div>\n\t\t\t\t<\/div>\n\t\t\t\t<div class=\"elementor-element elementor-element-bfb9d60 sc_fly_static elementor-widget elementor-widget-trx_sc_button\" data-id=\"bfb9d60\" data-element_type=\"widget\" data-widget_type=\"trx_sc_button.default\">\n\t\t\t\t<div class=\"elementor-widget-container\">\n\t\t\t\t\t<div id=\"trx_sc_button_283246606\"\tclass=\"sc_item_button sc_button_wrap sc_align_center\"><a href=\"https:\/\/fci4africa.eu\/de\/open-calls\/open-call-1\/\" class=\"sc_button sc_button_default default_custom sc_button_size_small sc_button_with_icon sc_button_icon_left\" target=\"_blank\"><span class=\"sc_button_icon\"><span class=\"icon-info\"><\/span><\/span><span class=\"sc_button_text\"><span class=\"sc_button_subtitle\">INFO<\/span><span class=\"sc_button_title\">OPEN CALL 1<\/span><\/span><!-- \/.sc_button_text --><\/a><!-- \/.sc_button --><\/div><!-- \/.sc_item_button -->\t\t\t\t<\/div>\n\t\t\t\t<\/div>\n\t\t\t\t<\/div>\n\t\t<div class=\"elementor-element elementor-element-7180222 e-con-full e-flex e-con e-child\" data-id=\"7180222\" data-element_type=\"container\">\n\t\t\t\t<div class=\"elementor-element elementor-element-91384c4 elementor-view-stacked elementor-shape-square sc_fly_static elementor-widget elementor-widget-icon\" data-id=\"91384c4\" data-element_type=\"widget\" data-widget_type=\"icon.default\">\n\t\t\t\t<div class=\"elementor-widget-container\">\n\t\t\t\t\t\t\t<div class=\"elementor-icon-wrapper\">\n\t\t\t<div class=\"elementor-icon\">\n\t\t\t<svg xmlns=\"http:\/\/www.w3.org\/2000\/svg\" id=\"Layer_2\" data-name=\"Layer 2\" viewbox=\"0 0 59.13 54.79\"><defs><style>      .cls-1 {        fill: #231f20;      }    <\/style><\/defs><g id=\"Layer_1-2\" data-name=\"Layer 1\"><path class=\"cls-1\" d=\"M48.84,11.29h9.29c.55,0,1-.45,1-1V1c0-.55-.45-1-1-1h-9.29c-.55,0-1,.45-1,1v3.64h-12.14c-.55,0-1,.45-1,1v20.75h-5.67v-11.2c0-.35-.18-.67-.48-.85-.3-.18-.67-.2-.98-.04l-.54.28c-6.78,3.48-14.39,5.33-22.02,5.33-2.77,0-5.02,2.25-5.02,5.02v4.94c0,2.55,1.91,4.63,4.38,4.95v8.03c0,2.03,1.65,3.68,3.68,3.68s3.68-1.65,3.68-3.68v-7.47c5.32.75,10.52,2.37,15.29,4.83l.55.28c.14.07.3.11.46.11.18,0,.36-.05.52-.15.3-.18.48-.5.48-.85v-11.2h5.67v20.75c0,.55.45,1,1,1h12.14v3.64c0,.55.45,1,1,1h9.29c.55,0,1-.45,1-1v-9.29c0-.55-.45-1-1-1h-9.29c-.55,0-1,.45-1,1v3.64h-11.14v-19.75h11.14v3.65c0,.55.45,1,1,1h9.29c.55,0,1-.45,1-1v-9.29c0-.55-.45-1-1-1h-9.29c-.55,0-1,.45-1,1v3.64h-11.14V6.64h11.14v3.64c0,.55.45,1,1,1ZM2,29.86v-4.94c0-1.66,1.35-3.02,3.02-3.02.68,0,1.36-.03,2.04-.06v11.09c-.54-.02-1.08-.04-1.62-.05-.02,0-.04-.01-.06-.01-.02,0-.03,0-.04,0-.1,0-.21,0-.31,0-1.66,0-3.02-1.35-3.02-3.02ZM9.73,42.84c0,.93-.75,1.68-1.68,1.68s-1.68-.75-1.68-1.68v-7.92c1.12.03,2.24.1,3.36.21v7.71ZM27.03,37.97c-5.62-2.74-11.75-4.4-17.98-4.9v-11.34c6.23-.51,12.36-2.16,17.98-4.9v21.15ZM49.84,45.5h7.29v7.29h-7.29v-7.29ZM49.84,23.75h7.29v7.29h-7.29v-7.29ZM49.84,2h7.29v7.29h-7.29V2Z\"><\/path><\/g><\/svg>\t\t\t<\/div>\n\t\t<\/div>\n\t\t\t\t\t\t<\/div>\n\t\t\t\t<\/div>\n\t\t<div class=\"elementor-element elementor-element-4e6fefc e-con-full e-flex e-con e-child\" data-id=\"4e6fefc\" data-element_type=\"container\">\n\t\t\t\t<div class=\"elementor-element elementor-element-efb0f0c sc_fly_static elementor-widget elementor-widget-counter\" data-id=\"efb0f0c\" data-element_type=\"widget\" data-widget_type=\"counter.default\">\n\t\t\t\t<div class=\"elementor-widget-container\">\n\t\t\t\t\t\t\t<div class=\"elementor-counter\">\n\t\t\t<div class=\"elementor-counter-title\">Unterprojekte<\/div>\t\t\t<div class=\"elementor-counter-number-wrapper\">\n\t\t\t\t<span class=\"elementor-counter-number-prefix\"><\/span>\n\t\t\t\t<span class=\"elementor-counter-number\" data-duration=\"2000\" data-to-value=\"4\" data-from-value=\"0\" data-delimiter=\",\">0<\/span>\n\t\t\t\t<span class=\"elementor-counter-number-suffix\"><\/span>\n\t\t\t<\/div>\n\t\t<\/div>\n\t\t\t\t\t\t<\/div>\n\t\t\t\t<\/div>\n\t\t\t\t<div class=\"elementor-element elementor-element-421783c sc_fly_static elementor-widget elementor-widget-counter\" data-id=\"421783c\" data-element_type=\"widget\" data-widget_type=\"counter.default\">\n\t\t\t\t<div class=\"elementor-widget-container\">\n\t\t\t\t\t\t\t<div class=\"elementor-counter\">\n\t\t\t<div class=\"elementor-counter-title\">F\u00fcr jeden Dritten<\/div>\t\t\t<div class=\"elementor-counter-number-wrapper\">\n\t\t\t\t<span class=\"elementor-counter-number-prefix\">bis zu <\/span>\n\t\t\t\t<span class=\"elementor-counter-number\" data-duration=\"2000\" data-to-value=\"50\" data-from-value=\"0\" data-delimiter=\",\">0<\/span>\n\t\t\t\t<span class=\"elementor-counter-number-suffix\">T\u20ac<\/span>\n\t\t\t<\/div>\n\t\t<\/div>\n\t\t\t\t\t\t<\/div>\n\t\t\t\t<\/div>\n\t\t\t\t<\/div>\n\t\t\t\t<div class=\"elementor-element elementor-element-b4f7f63 sc_fly_static elementor-widget elementor-widget-text-editor\" data-id=\"b4f7f63\" data-element_type=\"widget\" data-widget_type=\"text-editor.default\">\n\t\t\t\t<div class=\"elementor-widget-container\">\n\t\t\t\t\t\t\t\t\t<h4><span style=\"font-weight: 400;\"><strong>F\u00fcr das OC2 werden 4 Teilprojekte ausgew\u00e4hl<\/strong><\/span><\/h4><p><span style=\"font-weight: 400;\">Gesamtbudget des OC2 200T Euro - bis zu 50T Euro f\u00fcr jede Dritten<br \/><\/span><\/p>\t\t\t\t\t\t\t\t<\/div>\n\t\t\t\t<\/div>\n\t\t\t\t<div class=\"elementor-element elementor-element-c471067 elementor-widget-divider--view-line sc_fly_static elementor-widget elementor-widget-divider\" data-id=\"c471067\" data-element_type=\"widget\" data-widget_type=\"divider.default\">\n\t\t\t\t<div class=\"elementor-widget-container\">\n\t\t\t\t\t\t\t<div class=\"elementor-divider\">\n\t\t\t<span class=\"elementor-divider-separator\">\n\t\t\t\t\t\t<\/span>\n\t\t<\/div>\n\t\t\t\t\t\t<\/div>\n\t\t\t\t<\/div>\n\t\t\t\t<div class=\"elementor-element elementor-element-6b42c71 sc_fly_static elementor-widget elementor-widget-text-editor\" data-id=\"6b42c71\" data-element_type=\"widget\" data-widget_type=\"text-editor.default\">\n\t\t\t\t<div class=\"elementor-widget-container\">\n\t\t\t\t\t\t\t\t\t<p><strong>Open Call (OC) 2<\/strong> zielt auf Innovationszentren ab, die Online-Schulungen f\u00fcr die im Rahmen des ersten OC ausgew\u00e4hlten Anwendungsf\u00e4lle und Projekte anbieten. Diese Zentren werden Mentoring anbieten und die Beschleunigung innovativer Gesch\u00e4ftskonzepte unterst\u00fctzen, einschlie\u00dflich solcher, die sich auf soziale Innovation und Upscaling konzentrieren. Das OC2 wird im M\u00e4rz 2027 starten, und die ausgew\u00e4hlten Beg\u00fcnstigten werden ihre Ideen zwischen Oktober 2027 und Juni 2028 umsetzen.<\/p>\t\t\t\t\t\t\t\t<\/div>\n\t\t\t\t<\/div>\n\t\t\t\t<\/div>\n\t\t\t\t<\/div>\n\t\t\t\t\t<\/div>\n\t\t\t\t<\/div>\n\t\t<div class=\"elementor-element elementor-element-ff1703a e-flex e-con-boxed e-con e-parent\" data-id=\"ff1703a\" data-element_type=\"container\">\n\t\t\t\t\t<div class=\"e-con-inner\">\n\t\t\t\t\t<\/div>\n\t\t\t\t<\/div>\n\t\t<div class=\"elementor-element elementor-element-ee39715 e-flex e-con-boxed e-con e-parent\" data-id=\"ee39715\" data-element_type=\"container\">\n\t\t\t\t\t<div class=\"e-con-inner\">\n\t\t\t\t\t<\/div>\n\t\t\t\t<\/div>\n\t\t\t\t<section class=\"elementor-section elementor-top-section elementor-element elementor-element-899c17e elementor-section-stretched elementor-section-boxed elementor-section-height-default elementor-section-height-default\" data-id=\"899c17e\" data-element_type=\"section\" data-settings=\"{&quot;stretch_section&quot;:&quot;section-stretched&quot;,&quot;background_background&quot;:&quot;classic&quot;}\">\n\t\t\t\t\t\t\t<div class=\"elementor-background-overlay\"><\/div>\n\t\t\t\t\t\t\t<div class=\"elementor-container elementor-column-gap-extended\">\n\t\t\t\t\t<div class=\"elementor-column elementor-col-100 elementor-top-column elementor-element elementor-element-ee2e316 sc_layouts_column_align_center sc_layouts_column sc_inner_width_none sc_content_align_inherit sc_layouts_column_icons_position_left\" data-id=\"ee2e316\" data-element_type=\"column\">\n\t\t\t<div class=\"elementor-widget-wrap elementor-element-populated\">\n\t\t\t\t\t\t<div class=\"elementor-element elementor-element-e8f6351 sc_fly_static elementor-widget elementor-widget-spacer\" data-id=\"e8f6351\" data-element_type=\"widget\" data-widget_type=\"spacer.default\">\n\t\t\t\t<div class=\"elementor-widget-container\">\n\t\t\t\t\t\t\t<div class=\"elementor-spacer\">\n\t\t\t<div class=\"elementor-spacer-inner\"><\/div>\n\t\t<\/div>\n\t\t\t\t\t\t<\/div>\n\t\t\t\t<\/div>\n\t\t\t\t<div class=\"elementor-element elementor-element-0ae0181 sc_fly_static elementor-invisible elementor-widget elementor-widget-text-editor\" data-id=\"0ae0181\" data-element_type=\"widget\" data-settings=\"{&quot;_animation&quot;:&quot;fadeInDown&quot;}\" data-widget_type=\"text-editor.default\">\n\t\t\t\t<div class=\"elementor-widget-container\">\n\t\t\t\t\t\t\t\t\t<p><span style=\"font-weight: 400;\">Be the first to hear about our open calls!<\/span><\/p>\t\t\t\t\t\t\t\t<\/div>\n\t\t\t\t<\/div>\n\t\t\t\t<div class=\"elementor-element elementor-element-2d2d239 sc_fly_static elementor-widget elementor-widget-spacer\" data-id=\"2d2d239\" data-element_type=\"widget\" data-widget_type=\"spacer.default\">\n\t\t\t\t<div class=\"elementor-widget-container\">\n\t\t\t\t\t\t\t<div class=\"elementor-spacer\">\n\t\t\t<div class=\"elementor-spacer-inner\"><\/div>\n\t\t<\/div>\n\t\t\t\t\t\t<\/div>\n\t\t\t\t<\/div>\n\t\t\t\t<div class=\"elementor-element elementor-element-053ab64 sc_fly_static elementor-invisible elementor-widget elementor-widget-trx_sc_title\" data-id=\"053ab64\" data-element_type=\"widget\" data-settings=\"{&quot;_animation&quot;:&quot;fadeIn&quot;}\" data-widget_type=\"trx_sc_title.default\">\n\t\t\t\t<div class=\"elementor-widget-container\">\n\t\t\t\t\t<div id=\"trx_sc_title_773887341\"\n\t\tclass=\"sc_title  text_position_horizontal sc_title_default\"><h3 class=\"sc_item_title sc_title_title sc_item_title_style_default sc_item_title_tag\"><span class=\"sc_item_title_text\">Melden Sie sich f\u00fcr unseren Newsletter an!<\/span><\/h3><\/div><!-- \/.sc_title -->\t\t\t\t<\/div>\n\t\t\t\t<\/div>\n\t\t\t\t<div class=\"elementor-element elementor-element-59a542e sc_fly_static elementor-widget elementor-widget-spacer\" data-id=\"59a542e\" data-element_type=\"widget\" data-widget_type=\"spacer.default\">\n\t\t\t\t<div class=\"elementor-widget-container\">\n\t\t\t\t\t\t\t<div class=\"elementor-spacer\">\n\t\t\t<div class=\"elementor-spacer-inner\"><\/div>\n\t\t<\/div>\n\t\t\t\t\t\t<\/div>\n\t\t\t\t<\/div>\n\t\t\t\t<section class=\"elementor-section elementor-inner-section elementor-element elementor-element-62de107 elementor-section-boxed elementor-section-height-default elementor-section-height-default elementor-invisible\" data-id=\"62de107\" data-element_type=\"section\" data-settings=\"{&quot;animation&quot;:&quot;fadeIn&quot;}\">\n\t\t\t\t\t\t<div class=\"elementor-container elementor-column-gap-no\">\n\t\t\t\t\t<div class=\"elementor-column elementor-col-25 elementor-inner-column elementor-element elementor-element-27f68a3 sc_inner_width_none sc_content_align_inherit sc_layouts_column_icons_position_left\" data-id=\"27f68a3\" data-element_type=\"column\">\n\t\t\t<div class=\"elementor-widget-wrap\">\n\t\t\t\t\t\t\t<\/div>\n\t\t<\/div>\n\t\t\t\t<div class=\"elementor-column elementor-col-25 elementor-inner-column elementor-element elementor-element-4daf901 sc_inner_width_none sc_content_align_inherit sc_layouts_column_icons_position_left\" data-id=\"4daf901\" data-element_type=\"column\">\n\t\t\t<div class=\"elementor-widget-wrap elementor-element-populated\">\n\t\t\t\t\t\t<div class=\"elementor-element elementor-element-f8e6b52 elementor-button-align-stretch sc_fly_static elementor-widget elementor-widget-global elementor-global-6094 elementor-widget-form\" data-id=\"f8e6b52\" data-element_type=\"widget\" data-settings=\"{&quot;button_width&quot;:&quot;40&quot;,&quot;step_next_label&quot;:&quot;Next&quot;,&quot;step_previous_label&quot;:&quot;Previous&quot;,&quot;step_type&quot;:&quot;number_text&quot;,&quot;step_icon_shape&quot;:&quot;circle&quot;}\" data-widget_type=\"form.default\">\n\t\t\t\t<div class=\"elementor-widget-container\">\n\t\t\t\t\t\t\t<form class=\"elementor-form\" method=\"post\" name=\"Newsletter\" aria-label=\"Newsletter\" action=\"\">\n\t\t\t<input type=\"hidden\" name=\"post_id\" value=\"6617\"\/>\n\t\t\t<input type=\"hidden\" name=\"form_id\" value=\"f8e6b52\"\/>\n\t\t\t<input type=\"hidden\" name=\"referer_title\" value=\"\" \/>\n\n\t\t\t\n\t\t\t<div class=\"elementor-form-fields-wrapper elementor-labels-\">\n\t\t\t\t\t\t\t\t<div class=\"elementor-field-type-recaptcha_v3 elementor-field-group elementor-column elementor-field-group-field_8cf520b elementor-col-100 recaptcha_v3-bottomright\">\n\t\t\t\t\t<div class=\"elementor-field\" id=\"form-field-field_8cf520b\"><div class=\"elementor-g-recaptcha\" data-sitekey=\"6Lec6HgqAAAAAAO7-hc1v7KtoGf5b1Nb1jCWGEJN\" data-type=\"v3\" data-action=\"Form\" data-badge=\"bottomright\" data-size=\"invisible\"><\/div><\/div>\t\t\t\t<\/div>\n\t\t\t\t\t\t\t\t<div class=\"elementor-field-type-email elementor-field-group elementor-column elementor-field-group-email elementor-col-100 elementor-field-required\">\n\t\t\t\t\t\t\t\t\t\t\t\t<label for=\"form-field-email\" class=\"elementor-field-label elementor-screen-only\">\n\t\t\t\t\t\t\t\tEmail\t\t\t\t\t\t\t<\/label>\n\t\t\t\t\t\t\t\t\t\t\t\t\t\t<input size=\"1\" type=\"email\" name=\"form_fields[email]\" id=\"form-field-email\" class=\"elementor-field elementor-size-sm  elementor-field-textual\" placeholder=\"Email\" required=\"required\">\n\t\t\t\t\t\t\t\t\t\t\t<\/div>\n\t\t\t\t\t\t\t\t<div class=\"elementor-field-type-acceptance elementor-field-group elementor-column elementor-field-group-field_0d4acb7 elementor-col-60 elementor-field-required\">\n\t\t\t\t\t\t\t\t\t\t\t\t<label for=\"form-field-field_0d4acb7\" class=\"elementor-field-label elementor-screen-only\">\n\t\t\t\t\t\t\t\tGDPR\t\t\t\t\t\t\t<\/label>\n\t\t\t\t\t\t\t\t<div class=\"elementor-field-subgroup\">\n\t\t\t<span class=\"elementor-field-option\">\n\t\t\t\t<input type=\"checkbox\" name=\"form_fields[field_0d4acb7]\" id=\"form-field-field_0d4acb7\" class=\"elementor-field elementor-size-sm  elementor-acceptance-field\" required=\"required\">\n\t\t\t\t<label for=\"form-field-field_0d4acb7\">ICH STIMME DEN <a href=\"\/de\/privacy-policy\/\">Bedingungen f\u00fcr den Datenschutz<\/a><\/label>\t\t\t<\/span>\n\t\t<\/div>\n\t\t\t\t\t\t<\/div>\n\t\t\t\t\t\t\t\t<div class=\"elementor-field-group elementor-column elementor-field-type-submit elementor-col-40 e-form__buttons\">\n\t\t\t\t\t<button class=\"elementor-button elementor-size-sm\" type=\"submit\">\n\t\t\t\t\t\t<span class=\"elementor-button-content-wrapper\">\n\t\t\t\t\t\t\t\t\t\t\t\t\t\t\t\t\t\t\t\t\t\t<span class=\"elementor-button-text\">ABONNIEREN<\/span>\n\t\t\t\t\t\t\t\t\t\t\t\t\t<\/span>\n\t\t\t\t\t<\/button>\n\t\t\t\t<\/div>\n\t\t\t<\/div>\n\t\t<input type=\"hidden\" name=\"trp-form-language\" value=\"de\"\/><\/form>\n\t\t\t\t\t\t<\/div>\n\t\t\t\t<\/div>\n\t\t\t\t\t<\/div>\n\t\t<\/div>\n\t\t\t\t<div class=\"elementor-column elementor-col-50 elementor-inner-column elementor-element elementor-element-9356704 sc_inner_width_none sc_content_align_inherit sc_layouts_column_icons_position_left\" data-id=\"9356704\" data-element_type=\"column\">\n\t\t\t<div class=\"elementor-widget-wrap\">\n\t\t\t\t\t\t\t<\/div>\n\t\t<\/div>\n\t\t\t\t\t<\/div>\n\t\t<\/section>\n\t\t\t\t<div class=\"elementor-element elementor-element-70350e3 sc_fly_static elementor-widget elementor-widget-spacer\" data-id=\"70350e3\" data-element_type=\"widget\" data-widget_type=\"spacer.default\">\n\t\t\t\t<div class=\"elementor-widget-container\">\n\t\t\t\t\t\t\t<div class=\"elementor-spacer\">\n\t\t\t<div class=\"elementor-spacer-inner\"><\/div>\n\t\t<\/div>\n\t\t\t\t\t\t<\/div>\n\t\t\t\t<\/div>\n\t\t\t\t<div class=\"elementor-element elementor-element-9cb26af sc_fly_static elementor-widget elementor-widget-spacer\" data-id=\"9cb26af\" data-element_type=\"widget\" data-widget_type=\"spacer.default\">\n\t\t\t\t<div class=\"elementor-widget-container\">\n\t\t\t\t\t\t\t<div class=\"elementor-spacer\">\n\t\t\t<div class=\"elementor-spacer-inner\"><\/div>\n\t\t<\/div>\n\t\t\t\t\t\t<\/div>\n\t\t\t\t<\/div>\n\t\t\t\t\t<\/div>\n\t\t<\/div>\n\t\t\t\t\t<\/div>\n\t\t<\/section>\n\t\t\t\t<\/div>","protected":false},"excerpt":{"rendered":"<p>To foster climate-neutral, social, just, and fair trade food systems within Africa, FCI4Africa will launch two distinct Open Calls (OCs) providing financial support to third parties to at least 12 projects, as a mechanism to boost the project\u2019s overall impact. sub-projects 0 for each third party up to 0 k\u20ac 8 sub-projects will be selected&hellip;<\/p>","protected":false},"author":1,"featured_media":0,"parent":0,"menu_order":7,"comment_status":"closed","ping_status":"closed","template":"","meta":{"iawp_total_views":9065,"footnotes":""},"class_list":["post-6617","page","type-page","status-publish","hentry"],"_links":{"self":[{"href":"https:\/\/fci4africa.eu\/de\/wp-json\/wp\/v2\/pages\/6617","targetHints":{"allow":["GET"]}}],"collection":[{"href":"https:\/\/fci4africa.eu\/de\/wp-json\/wp\/v2\/pages"}],"about":[{"href":"https:\/\/fci4africa.eu\/de\/wp-json\/wp\/v2\/types\/page"}],"author":[{"embeddable":true,"href":"https:\/\/fci4africa.eu\/de\/wp-json\/wp\/v2\/users\/1"}],"replies":[{"embeddable":true,"href":"https:\/\/fci4africa.eu\/de\/wp-json\/wp\/v2\/comments?post=6617"}],"version-history":[{"count":7,"href":"https:\/\/fci4africa.eu\/de\/wp-json\/wp\/v2\/pages\/6617\/revisions"}],"predecessor-version":[{"id":7528,"href":"https:\/\/fci4africa.eu\/de\/wp-json\/wp\/v2\/pages\/6617\/revisions\/7528"}],"wp:attachment":[{"href":"https:\/\/fci4africa.eu\/de\/wp-json\/wp\/v2\/media?parent=6617"}],"curies":[{"name":"wp","href":"https:\/\/api.w.org\/{rel}","templated":true}]}}