{"id":6699,"date":"2025-03-07T13:11:58","date_gmt":"2025-03-07T13:11:58","guid":{"rendered":"https:\/\/fci4africa.eu\/?page_id=6699"},"modified":"2025-03-21T12:35:44","modified_gmt":"2025-03-21T12:35:44","slug":"tsk","status":"publish","type":"page","link":"https:\/\/fci4africa.eu\/de\/about-fci4africa\/partners\/tsk\/","title":{"rendered":"TSK"},"content":{"rendered":"<div data-elementor-type=\"wp-page\" data-elementor-id=\"6699\" class=\"elementor elementor-6699\" data-elementor-post-type=\"page\">\n\t\t\t\t<div class=\"elementor-element elementor-element-450487a e-flex e-con-boxed e-con e-parent\" data-id=\"450487a\" data-element_type=\"container\">\n\t\t\t\t\t<div class=\"e-con-inner\">\n\t\t<div class=\"elementor-element elementor-element-58d09f6 e-con-full e-flex e-con e-child\" data-id=\"58d09f6\" data-element_type=\"container\">\n\t\t\t\t<div class=\"elementor-element elementor-element-8f23cb2 sc_fly_static elementor-widget elementor-widget-image\" data-id=\"8f23cb2\" data-element_type=\"widget\" data-widget_type=\"image.default\">\n\t\t\t\t<div class=\"elementor-widget-container\">\n\t\t\t\t\t\t\t\t\t\t\t\t\t\t\t<img fetchpriority=\"high\" decoding=\"async\" width=\"770\" height=\"420\" src=\"https:\/\/fci4africa.eu\/wp-content\/uploads\/2024\/11\/13.TSN_.png\" class=\"attachment-large size-large wp-image-5764\" alt=\"\" srcset=\"https:\/\/fci4africa.eu\/wp-content\/uploads\/2024\/11\/13.TSN_.png 770w, https:\/\/fci4africa.eu\/wp-content\/uploads\/2024\/11\/13.TSN_-300x164.png 300w, https:\/\/fci4africa.eu\/wp-content\/uploads\/2024\/11\/13.TSN_-768x419.png 768w, https:\/\/fci4africa.eu\/wp-content\/uploads\/2024\/11\/13.TSN_-370x202.png 370w\" sizes=\"(max-width: 770px) 100vw, 770px\" \/>\t\t\t\t\t\t\t\t\t\t\t\t\t\t\t<\/div>\n\t\t\t\t<\/div>\n\t\t\t\t<\/div>\n\t\t<div class=\"elementor-element elementor-element-760feed e-con-full e-flex e-con e-child\" data-id=\"760feed\" data-element_type=\"container\">\n\t\t<div class=\"elementor-element elementor-element-ffeca3a e-con-full e-flex e-con e-child\" data-id=\"ffeca3a\" data-element_type=\"container\">\n\t\t\t\t<div class=\"elementor-element elementor-element-dd02bc8 sc_fly_static elementor-widget elementor-widget-heading\" data-id=\"dd02bc8\" data-element_type=\"widget\" data-widget_type=\"heading.default\">\n\t\t\t\t<div class=\"elementor-widget-container\">\n\t\t\t\t\t<h4 class=\"elementor-heading-title elementor-size-default\">TECHNOSERVE KENYA<\/h4>\t\t\t\t<\/div>\n\t\t\t\t<\/div>\n\t\t\t\t<\/div>\n\t\t<div class=\"elementor-element elementor-element-dffe0ea e-con-full e-flex e-con e-child\" data-id=\"dffe0ea\" data-element_type=\"container\">\n\t\t\t\t<div class=\"elementor-element elementor-element-bf569b4 elementor-widget-divider--view-line sc_fly_static elementor-widget elementor-widget-divider\" data-id=\"bf569b4\" data-element_type=\"widget\" data-widget_type=\"divider.default\">\n\t\t\t\t<div class=\"elementor-widget-container\">\n\t\t\t\t\t\t\t<div class=\"elementor-divider\">\n\t\t\t<span class=\"elementor-divider-separator\">\n\t\t\t\t\t\t<\/span>\n\t\t<\/div>\n\t\t\t\t\t\t<\/div>\n\t\t\t\t<\/div>\n\t\t\t\t<div class=\"elementor-element elementor-element-c9574fb elementor-icon-list--layout-traditional elementor-list-item-link-full_width sc_fly_static elementor-widget elementor-widget-icon-list\" data-id=\"c9574fb\" data-element_type=\"widget\" data-widget_type=\"icon-list.default\">\n\t\t\t\t<div class=\"elementor-widget-container\">\n\t\t\t\t\t\t\t<ul class=\"elementor-icon-list-items\">\n\t\t\t\t\t\t\t<li class=\"elementor-icon-list-item\">\n\t\t\t\t\t\t\t\t\t\t\t<span class=\"elementor-icon-list-icon\">\n\t\t\t\t\t\t\t<i aria-hidden=\"true\" class=\"fas fa-map-marked-alt\"><\/i>\t\t\t\t\t\t<\/span>\n\t\t\t\t\t\t\t\t\t\t<span class=\"elementor-icon-list-text\">Country: <b>Kenya<\/b><\/span>\n\t\t\t\t\t\t\t\t\t<\/li>\n\t\t\t\t\t\t\t\t<li class=\"elementor-icon-list-item\">\n\t\t\t\t\t\t\t\t\t\t\t<span class=\"elementor-icon-list-icon\">\n\t\t\t\t\t\t\t<i aria-hidden=\"true\" class=\"fas fa-code\"><\/i>\t\t\t\t\t\t<\/span>\n\t\t\t\t\t\t\t\t\t\t<span class=\"elementor-icon-list-text\">Shortname: <b>TSK<\/b><\/span>\n\t\t\t\t\t\t\t\t\t<\/li>\n\t\t\t\t\t\t\t\t<li class=\"elementor-icon-list-item\">\n\t\t\t\t\t\t\t\t\t\t\t<a href=\"https:\/\/www.technoserve.org\/\" target=\"_blank\" rel=\"noopener noreferrer nofollow\">\n\n\t\t\t\t\t\t\t\t\t\t\t\t<span class=\"elementor-icon-list-icon\">\n\t\t\t\t\t\t\t<i aria-hidden=\"true\" class=\"fas fa-globe\"><\/i>\t\t\t\t\t\t<\/span>\n\t\t\t\t\t\t\t\t\t\t<span class=\"elementor-icon-list-text\">Website: <b>technoserve.org<\/b><\/span>\n\t\t\t\t\t\t\t\t\t\t\t<\/a>\n\t\t\t\t\t\t\t\t\t<\/li>\n\t\t\t\t\t\t\t\t<li class=\"elementor-icon-list-item\">\n\t\t\t\t\t\t\t\t\t\t\t<a href=\"mailto:tdurotoye@tns.org\" target=\"_blank\">\n\n\t\t\t\t\t\t\t\t\t\t\t\t<span class=\"elementor-icon-list-icon\">\n\t\t\t\t\t\t\t<i aria-hidden=\"true\" class=\"far fa-id-card\"><\/i>\t\t\t\t\t\t<\/span>\n\t\t\t\t\t\t\t\t\t\t<span class=\"elementor-icon-list-text\">Contact person: <b>Tobi Durotoye<\/b><\/span>\n\t\t\t\t\t\t\t\t\t\t\t<\/a>\n\t\t\t\t\t\t\t\t\t<\/li>\n\t\t\t\t\t\t<\/ul>\n\t\t\t\t\t\t<\/div>\n\t\t\t\t<\/div>\n\t\t\t\t<div class=\"elementor-element elementor-element-6d0a456 elementor-widget-divider--view-line sc_fly_static elementor-widget elementor-widget-divider\" data-id=\"6d0a456\" data-element_type=\"widget\" data-widget_type=\"divider.default\">\n\t\t\t\t<div class=\"elementor-widget-container\">\n\t\t\t\t\t\t\t<div class=\"elementor-divider\">\n\t\t\t<span class=\"elementor-divider-separator\">\n\t\t\t\t\t\t<\/span>\n\t\t<\/div>\n\t\t\t\t\t\t<\/div>\n\t\t\t\t<\/div>\n\t\t\t\t<div class=\"elementor-element elementor-element-2f8618b sc_fly_static elementor-widget elementor-widget-trx_sc_socials\" data-id=\"2f8618b\" data-element_type=\"widget\" data-widget_type=\"trx_sc_socials.default\">\n\t\t\t\t<div class=\"elementor-widget-container\">\n\t\t\t\t\t<div  id=\"trx_sc_socials_673300885\" \n\t\tclass=\"sc_socials sc_socials_default sc_align_none\"><div class=\"socials_wrap\"><a target=\"_blank\" href=\"https:\/\/www.linkedin.com\/company\/technoserve\/\" class=\"social_item social_item_style_icons sc_icon_type_icons social_item_type_icons\" rel=\"noopener noreferrer nofollow\"><span class=\"social_icon social_icon_linkedin\"><span class=\"icon-linkedin\"><\/span><\/span><\/a><a target=\"_blank\" href=\"https:\/\/www.facebook.com\/TechnoServe\" class=\"social_item social_item_style_icons sc_icon_type_icons social_item_type_icons\" rel=\"noopener noreferrer nofollow\"><span class=\"social_icon social_icon_facebook\"><span class=\"icon-facebook\"><\/span><\/span><\/a><a target=\"_blank\" href=\"https:\/\/x.com\/TechnoServe\" class=\"social_item social_item_style_icons sc_icon_type_icons social_item_type_icons\" rel=\"noopener noreferrer nofollow\"><span class=\"social_icon social_icon_x\"><span class=\"icon-x\"><\/span><\/span><\/a><a target=\"_blank\" href=\"https:\/\/www.youtube.com\/user\/technoserveglobal\" class=\"social_item social_item_style_icons sc_icon_type_icons social_item_type_icons\" rel=\"noopener noreferrer nofollow\"><span class=\"social_icon social_icon_humanum-youtube-1\"><span class=\"icon-humanum-youtube-1\"><\/span><\/span><\/a><\/div><!-- \/.socials_wrap --><\/div><!-- \/.sc_socials -->\t\t\t\t<\/div>\n\t\t\t\t<\/div>\n\t\t\t\t<\/div>\n\t\t\t\t<\/div>\n\t\t\t\t\t<\/div>\n\t\t\t\t<\/div>\n\t\t<div class=\"elementor-element elementor-element-1f91a47 e-flex e-con-boxed e-con e-parent\" data-id=\"1f91a47\" data-element_type=\"container\">\n\t\t\t\t\t<div class=\"e-con-inner\">\n\t\t\t\t<div class=\"elementor-element elementor-element-fd21ce1 sc_fly_static elementor-widget elementor-widget-heading\" data-id=\"fd21ce1\" data-element_type=\"widget\" data-widget_type=\"heading.default\">\n\t\t\t\t<div class=\"elementor-widget-container\">\n\t\t\t\t\t<h3 class=\"elementor-heading-title elementor-size-default translation-block\">About TSK<\/h3>\t\t\t\t<\/div>\n\t\t\t\t<\/div>\n\t\t\t\t<div class=\"elementor-element elementor-element-787a577 sc_fly_static elementor-widget elementor-widget-spacer\" data-id=\"787a577\" data-element_type=\"widget\" data-widget_type=\"spacer.default\">\n\t\t\t\t<div class=\"elementor-widget-container\">\n\t\t\t\t\t\t\t<div class=\"elementor-spacer\">\n\t\t\t<div class=\"elementor-spacer-inner\"><\/div>\n\t\t<\/div>\n\t\t\t\t\t\t<\/div>\n\t\t\t\t<\/div>\n\t\t\t\t<div class=\"elementor-element elementor-element-6bd0b27 sc_fly_static elementor-widget elementor-widget-text-editor\" data-id=\"6bd0b27\" data-element_type=\"widget\" data-widget_type=\"text-editor.default\">\n\t\t\t\t<div class=\"elementor-widget-container\">\n\t\t\t\t\t\t\t\t\t<p class=\"translation-block\"><span style=\"font-weight: 400;\"><strong>TechnoServe Kenya (TSK)<\/strong> is a non-profit organisation focused on tackling poverty, particularly among farmers and small business owners. TSK works with low-income communities to provide the necessary capacity development and support, enabling them to access fairness, justice, and equity within the trade systems in Kenya. <\/span><\/p>\t\t\t\t\t\t\t\t<\/div>\n\t\t\t\t<\/div>\n\t\t\t\t<div class=\"elementor-element elementor-element-e03fb83 sc_fly_static elementor-widget elementor-widget-spacer\" data-id=\"e03fb83\" data-element_type=\"widget\" data-widget_type=\"spacer.default\">\n\t\t\t\t<div class=\"elementor-widget-container\">\n\t\t\t\t\t\t\t<div class=\"elementor-spacer\">\n\t\t\t<div class=\"elementor-spacer-inner\"><\/div>\n\t\t<\/div>\n\t\t\t\t\t\t<\/div>\n\t\t\t\t<\/div>\n\t\t\t\t<div class=\"elementor-element elementor-element-5a7449f sc_fly_static elementor-widget elementor-widget-image\" data-id=\"5a7449f\" data-element_type=\"widget\" data-widget_type=\"image.default\">\n\t\t\t\t<div class=\"elementor-widget-container\">\n\t\t\t\t\t\t\t\t\t\t\t\t\t\t\t<img decoding=\"async\" width=\"1024\" height=\"468\" src=\"https:\/\/fci4africa.eu\/wp-content\/uploads\/2025\/03\/13.tsn_-1024x468.jpg\" class=\"attachment-large size-large wp-image-6695\" alt=\"\" srcset=\"https:\/\/fci4africa.eu\/wp-content\/uploads\/2025\/03\/13.tsn_-1024x468.jpg 1024w, https:\/\/fci4africa.eu\/wp-content\/uploads\/2025\/03\/13.tsn_-300x137.jpg 300w, https:\/\/fci4africa.eu\/wp-content\/uploads\/2025\/03\/13.tsn_-768x351.jpg 768w, https:\/\/fci4africa.eu\/wp-content\/uploads\/2025\/03\/13.tsn_-1536x702.jpg 1536w, https:\/\/fci4africa.eu\/wp-content\/uploads\/2025\/03\/13.tsn_-370x169.jpg 370w, https:\/\/fci4africa.eu\/wp-content\/uploads\/2025\/03\/13.tsn_-1410x644.jpg 1410w, https:\/\/fci4africa.eu\/wp-content\/uploads\/2025\/03\/13.tsn_.jpg 1600w\" sizes=\"(max-width: 1024px) 100vw, 1024px\" \/>\t\t\t\t\t\t\t\t\t\t\t\t\t\t\t<\/div>\n\t\t\t\t<\/div>\n\t\t\t\t<div class=\"elementor-element elementor-element-90f500d sc_fly_static elementor-widget elementor-widget-spacer\" data-id=\"90f500d\" data-element_type=\"widget\" data-widget_type=\"spacer.default\">\n\t\t\t\t<div class=\"elementor-widget-container\">\n\t\t\t\t\t\t\t<div class=\"elementor-spacer\">\n\t\t\t<div class=\"elementor-spacer-inner\"><\/div>\n\t\t<\/div>\n\t\t\t\t\t\t<\/div>\n\t\t\t\t<\/div>\n\t\t\t\t\t<\/div>\n\t\t\t\t<\/div>\n\t\t<div class=\"elementor-element elementor-element-69aa8c7 e-flex e-con-boxed e-con e-parent\" data-id=\"69aa8c7\" data-element_type=\"container\">\n\t\t\t\t\t<div class=\"e-con-inner\">\n\t\t\t\t<div class=\"elementor-element elementor-element-e7c51d4 sc_fly_static elementor-widget elementor-widget-heading\" data-id=\"e7c51d4\" data-element_type=\"widget\" data-widget_type=\"heading.default\">\n\t\t\t\t<div class=\"elementor-widget-container\">\n\t\t\t\t\t<h3 class=\"elementor-heading-title elementor-size-default\">Rolle im Projekt<\/h3>\t\t\t\t<\/div>\n\t\t\t\t<\/div>\n\t\t\t\t<div class=\"elementor-element elementor-element-0dd1fb0 sc_fly_static elementor-widget elementor-widget-spacer\" data-id=\"0dd1fb0\" data-element_type=\"widget\" data-widget_type=\"spacer.default\">\n\t\t\t\t<div class=\"elementor-widget-container\">\n\t\t\t\t\t\t\t<div class=\"elementor-spacer\">\n\t\t\t<div class=\"elementor-spacer-inner\"><\/div>\n\t\t<\/div>\n\t\t\t\t\t\t<\/div>\n\t\t\t\t<\/div>\n\t\t\t\t<div class=\"elementor-element elementor-element-f077a43 sc_fly_static elementor-widget elementor-widget-text-editor\" data-id=\"f077a43\" data-element_type=\"widget\" data-widget_type=\"text-editor.default\">\n\t\t\t\t<div class=\"elementor-widget-container\">\n\t\t\t\t\t\t\t\t\t<p><span style=\"font-weight: 400;\">TSK tr\u00e4gt zur Digitalisierung der Aufzeichnungen f\u00fcr die Produktverfolgung und zur Gew\u00e4hrleistung der Einhaltung der festgelegten Regeln bei. Dar\u00fcber hinaus spielt TSK eine Schl\u00fcsselrolle bei der Entwicklung einer Wissensplattform und einer L\u00f6sungsmaschine zur Unterst\u00fctzung nachhaltiger Handelspraktiken.<\/span><\/p>\t\t\t\t\t\t\t\t<\/div>\n\t\t\t\t<\/div>\n\t\t\t\t<div class=\"elementor-element elementor-element-c523697 sc_fly_static elementor-widget elementor-widget-spacer\" data-id=\"c523697\" data-element_type=\"widget\" data-widget_type=\"spacer.default\">\n\t\t\t\t<div class=\"elementor-widget-container\">\n\t\t\t\t\t\t\t<div class=\"elementor-spacer\">\n\t\t\t<div class=\"elementor-spacer-inner\"><\/div>\n\t\t<\/div>\n\t\t\t\t\t\t<\/div>\n\t\t\t\t<\/div>\n\t\t\t\t\t<\/div>\n\t\t\t\t<\/div>\n\t\t\t\t<\/div>","protected":false},"excerpt":{"rendered":"<p>TECHNOSERVE KENYA Country: Kenya Shortname: TSK Website: technoserve.org Contact person: Tobi Durotoye TechnoServe Kenya (TSK) is a non-profit organisation focused on tackling poverty, particularly among farmers and small business owners. TSK works with low-income communities to provide the necessary capacity development and support, enabling them to access fairness, justice, and equity within the trade systems&hellip;<\/p>","protected":false},"author":1,"featured_media":5764,"parent":141,"menu_order":14,"comment_status":"closed","ping_status":"closed","template":"","meta":{"iawp_total_views":39,"footnotes":""},"class_list":["post-6699","page","type-page","status-publish","has-post-thumbnail","hentry"],"_links":{"self":[{"href":"https:\/\/fci4africa.eu\/de\/wp-json\/wp\/v2\/pages\/6699","targetHints":{"allow":["GET"]}}],"collection":[{"href":"https:\/\/fci4africa.eu\/de\/wp-json\/wp\/v2\/pages"}],"about":[{"href":"https:\/\/fci4africa.eu\/de\/wp-json\/wp\/v2\/types\/page"}],"author":[{"embeddable":true,"href":"https:\/\/fci4africa.eu\/de\/wp-json\/wp\/v2\/users\/1"}],"replies":[{"embeddable":true,"href":"https:\/\/fci4africa.eu\/de\/wp-json\/wp\/v2\/comments?post=6699"}],"version-history":[{"count":0,"href":"https:\/\/fci4africa.eu\/de\/wp-json\/wp\/v2\/pages\/6699\/revisions"}],"up":[{"embeddable":true,"href":"https:\/\/fci4africa.eu\/de\/wp-json\/wp\/v2\/pages\/141"}],"wp:featuredmedia":[{"embeddable":true,"href":"https:\/\/fci4africa.eu\/de\/wp-json\/wp\/v2\/media\/5764"}],"wp:attachment":[{"href":"https:\/\/fci4africa.eu\/de\/wp-json\/wp\/v2\/media?parent=6699"}],"curies":[{"name":"wp","href":"https:\/\/api.w.org\/{rel}","templated":true}]}}